{"id":4047,"date":"2021-06-29T18:35:57","date_gmt":"2021-06-29T18:35:57","guid":{"rendered":"https:\/\/gpsites.co\/realtor\/?page_id=4047"},"modified":"2024-11-21T12:06:54","modified_gmt":"2024-11-21T12:06:54","slug":"hakkimizda","status":"publish","type":"page","link":"https:\/\/atsteknik.com\/en\/hakkimizda\/","title":{"rendered":"About"},"content":{"rendered":"<div class=\"gb-container gb-container-a76c6499\">\n<div class=\"gb-container gb-container-ec28d069\">\n<div class=\"gb-container gb-container-142248bf\">\n\n<h2 class=\"gb-headline gb-headline-87ae2cbe gb-headline-text\">Shape the Future with Us, Take a Step Forward<\/h2>\n\n\n\n<p>Since its establishment in 2023, ATS Teknik has been providing reliable consultancy solutions in the business world. The services we offer to our clients are supported by customized strategies tailored to industry needs. Our goal is to establish successful collaborations by providing the most efficient and long-term solutions for each client.<\/p>\n\n\n<div class=\"gb-container gb-container-f6e91d3c\">\n\n<p class=\"gb-headline gb-headline-2be9b4fc\"><span class=\"gb-icon\"><svg aria-hidden=\"true\" role=\"img\" height=\"1em\" width=\"1em\" viewbox=\"0 0 512 512\" xmlns=\"http:\/\/www.w3.org\/2000\/svg\"><path fill=\"currentColor\" d=\"M504 256c0 136.967-111.033 248-248 248S8 392.967 8 256 119.033 8 256 8s248 111.033 248 248zM227.314 387.314l184-184c6.248-6.248 6.248-16.379 0-22.627l-22.627-22.627c-6.248-6.249-16.379-6.249-22.628 0L216 308.118l-70.059-70.059c-6.248-6.248-16.379-6.248-22.628 0l-22.627 22.627c-6.248 6.248-6.248 16.379 0 22.627l104 104c6.249 6.249 16.379 6.249 22.628.001z\"><\/path><\/svg><\/span><span class=\"gb-headline-text\"><a href=\"https:\/\/atsteknik.ahmetbk.com\/ihale-icin-satilik-sirketler\/\">Companies with Completed Projects Suitable for Tenders<\/a><\/span><\/p>\n\n\n\n<p class=\"gb-headline gb-headline-1ceb9dcb\"><span class=\"gb-icon\"><svg aria-hidden=\"true\" role=\"img\" height=\"1em\" width=\"1em\" viewbox=\"0 0 512 512\" xmlns=\"http:\/\/www.w3.org\/2000\/svg\"><path fill=\"currentColor\" d=\"M504 256c0 136.967-111.033 248-248 248S8 392.967 8 256 119.033 8 256 8s248 111.033 248 248zM227.314 387.314l184-184c6.248-6.248 6.248-16.379 0-22.627l-22.627-22.627c-6.248-6.249-16.379-6.249-22.628 0L216 308.118l-70.059-70.059c-6.248-6.248-16.379-6.248-22.628 0l-22.627 22.627c-6.248 6.248-6.248 16.379 0 22.627l104 104c6.249 6.249 16.379 6.249 22.628.001z\"><\/path><\/svg><\/span><span class=\"gb-headline-text\"><a href=\"https:\/\/atsteknik.ahmetbk.com\/muteahhit-yetki-belgeli-sirketler\/\">Contractor Authorized Companies<\/a><\/span><\/p>\n\n\n\n<p class=\"gb-headline gb-headline-d33eeec7\"><span class=\"gb-icon\"><svg aria-hidden=\"true\" role=\"img\" height=\"1em\" width=\"1em\" viewbox=\"0 0 512 512\" xmlns=\"http:\/\/www.w3.org\/2000\/svg\"><path fill=\"currentColor\" d=\"M504 256c0 136.967-111.033 248-248 248S8 392.967 8 256 119.033 8 256 8s248 111.033 248 248zM227.314 387.314l184-184c6.248-6.248 6.248-16.379 0-22.627l-22.627-22.627c-6.248-6.249-16.379-6.249-22.628 0L216 308.118l-70.059-70.059c-6.248-6.248-16.379-6.248-22.628 0l-22.627 22.627c-6.248 6.248-6.248 16.379 0 22.627l104 104c6.249 6.249 16.379 6.249 22.628.001z\"><\/path><\/svg><\/span><span class=\"gb-headline-text\">Document, Turnover, and Guarantee Increase<\/span><\/p>\n\n\n\n<p class=\"gb-headline gb-headline-aa664bc2\"><span class=\"gb-icon\"><svg aria-hidden=\"true\" role=\"img\" height=\"1em\" width=\"1em\" viewbox=\"0 0 512 512\" xmlns=\"http:\/\/www.w3.org\/2000\/svg\"><path fill=\"currentColor\" d=\"M504 256c0 136.967-111.033 248-248 248S8 392.967 8 256 119.033 8 256 8s248 111.033 248 248zM227.314 387.314l184-184c6.248-6.248 6.248-16.379 0-22.627l-22.627-22.627c-6.248-6.249-16.379-6.249-22.628 0L216 308.118l-70.059-70.059c-6.248-6.248-16.379-6.248-22.628 0l-22.627 22.627c-6.248 6.248-6.248 16.379 0 22.627l104 104c6.249 6.249 16.379 6.249 22.628.001z\"><\/path><\/svg><\/span><span class=\"gb-headline-text\">Company Acquisition, Sale, and Leasing<\/span><\/p>\n\n\n\n<p class=\"gb-headline gb-headline-347fd68f\"><span class=\"gb-icon\"><svg aria-hidden=\"true\" role=\"img\" height=\"1em\" width=\"1em\" viewbox=\"0 0 512 512\" xmlns=\"http:\/\/www.w3.org\/2000\/svg\"><path fill=\"currentColor\" d=\"M504 256c0 136.967-111.033 248-248 248S8 392.967 8 256 119.033 8 256 8s248 111.033 248 248zM227.314 387.314l184-184c6.248-6.248 6.248-16.379 0-22.627l-22.627-22.627c-6.248-6.249-16.379-6.249-22.628 0L216 308.118l-70.059-70.059c-6.248-6.248-16.379-6.248-22.628 0l-22.627 22.627c-6.248 6.248-6.248 16.379 0 22.627l104 104c6.249 6.249 16.379 6.249 22.628.001z\"><\/path><\/svg><\/span><span class=\"gb-headline-text\">Domestic and International Projects<\/span><\/p>\n\n<\/div>\n<\/div>\n\n<div class=\"gb-container gb-container-286ea90a\">\n\n<figure class=\"wp-block-image size-full image-frame img\"><img loading=\"lazy\" decoding=\"async\" width=\"1707\" height=\"2560\" src=\"https:\/\/atsteknik.ahmetbk.com\/wp-content\/uploads\/2024\/11\/pexels-shkrabaanthony-5816298-scaled.jpg\" alt=\"\" class=\"wp-image-5680\" srcset=\"https:\/\/atsteknik.com\/wp-content\/uploads\/2024\/11\/pexels-shkrabaanthony-5816298-scaled.jpg 1707w, https:\/\/atsteknik.com\/wp-content\/uploads\/2024\/11\/pexels-shkrabaanthony-5816298-200x300.jpg 200w, https:\/\/atsteknik.com\/wp-content\/uploads\/2024\/11\/pexels-shkrabaanthony-5816298-683x1024.jpg 683w, https:\/\/atsteknik.com\/wp-content\/uploads\/2024\/11\/pexels-shkrabaanthony-5816298-768x1152.jpg 768w, https:\/\/atsteknik.com\/wp-content\/uploads\/2024\/11\/pexels-shkrabaanthony-5816298-1024x1536.jpg 1024w, https:\/\/atsteknik.com\/wp-content\/uploads\/2024\/11\/pexels-shkrabaanthony-5816298-1365x2048.jpg 1365w, https:\/\/atsteknik.com\/wp-content\/uploads\/2024\/11\/pexels-shkrabaanthony-5816298-8x12.jpg 8w\" sizes=\"auto, (max-width: 1707px) 100vw, 1707px\" \/><\/figure>\n\n<\/div>\n<\/div>\n<div class=\"gb-shapes\"><div class=\"gb-shape gb-shape-1\"><svg xmlns=\"http:\/\/www.w3.org\/2000\/svg\" viewbox=\"0 0 1200 360\" preserveaspectratio=\"none\"><path d=\"M1200 360H0V0l1200 348z\"\/><\/svg><\/div><\/div><\/div>\n\n<div class=\"gb-container gb-container-2a916115\">\n\n<h3 class=\"gb-headline gb-headline-a428afc0 gb-headline-text\">Our Professional Consultancy Services<\/h3>\n\n\n<div class=\"gb-container gb-container-9f0735d4\"><div class=\"gb-inside-container\">\n<div class=\"gb-grid-wrapper gb-grid-wrapper-4b31db1f\">\n<div class=\"gb-grid-column gb-grid-column-35d1411f\"><div class=\"gb-container gb-container-35d1411f\">\n\n<figure class=\"wp-block-image size-full is-resized image-frame-grey img\"><img loading=\"lazy\" decoding=\"async\" width=\"1707\" height=\"2560\" src=\"https:\/\/atsteknik.ahmetbk.com\/wp-content\/uploads\/2024\/11\/pexels-shkrabaanthony-5816291-scaled.jpg\" alt=\"\" class=\"wp-image-5681\" style=\"object-fit:cover;width:300px;height:400px\" srcset=\"https:\/\/atsteknik.com\/wp-content\/uploads\/2024\/11\/pexels-shkrabaanthony-5816291-scaled.jpg 1707w, https:\/\/atsteknik.com\/wp-content\/uploads\/2024\/11\/pexels-shkrabaanthony-5816291-200x300.jpg 200w, https:\/\/atsteknik.com\/wp-content\/uploads\/2024\/11\/pexels-shkrabaanthony-5816291-683x1024.jpg 683w, https:\/\/atsteknik.com\/wp-content\/uploads\/2024\/11\/pexels-shkrabaanthony-5816291-768x1152.jpg 768w, https:\/\/atsteknik.com\/wp-content\/uploads\/2024\/11\/pexels-shkrabaanthony-5816291-1024x1536.jpg 1024w, https:\/\/atsteknik.com\/wp-content\/uploads\/2024\/11\/pexels-shkrabaanthony-5816291-1365x2048.jpg 1365w, https:\/\/atsteknik.com\/wp-content\/uploads\/2024\/11\/pexels-shkrabaanthony-5816291-8x12.jpg 8w\" sizes=\"auto, (max-width: 1707px) 100vw, 1707px\" \/><\/figure>\n\n<\/div><\/div>\n\n<div class=\"gb-grid-column gb-grid-column-379380fe\"><div class=\"gb-container gb-container-379380fe\">\n\n<h4 class=\"gb-headline gb-headline-69e1c6ec\"><span class=\"gb-icon\"><svg aria-hidden=\"true\" role=\"img\" height=\"1em\" width=\"1em\" viewbox=\"0 0 512 512\" xmlns=\"http:\/\/www.w3.org\/2000\/svg\"><path fill=\"currentColor\" d=\"M504 256c0 136.967-111.033 248-248 248S8 392.967 8 256 119.033 8 256 8s248 111.033 248 248zM227.314 387.314l184-184c6.248-6.248 6.248-16.379 0-22.627l-22.627-22.627c-6.248-6.249-16.379-6.249-22.628 0L216 308.118l-70.059-70.059c-6.248-6.248-16.379-6.248-22.628 0l-22.627 22.627c-6.248 6.248-6.248 16.379 0 22.627l104 104c6.249 6.249 16.379 6.249 22.628.001z\"><\/path><\/svg><\/span><span class=\"gb-headline-text\">Our Professional Consultancy Services<\/span><\/h4>\n\n\n\n<p>As ATS Teknik, we provide strong support to our clients in the company acquisition and sales processes. The commercial reputation earned by established companies over the years offers significant advantages in many aspects. In particular, a company with a solid track record has a significant impact when participating in public and private sector tenders, financial processes, and bank relations.<\/p>\n\n\n\n<p>As ATS Teknik, we ensure that entrepreneurs work with companies that have a more reliable history, rather than newly established ones. This secure start is an important step that helps entrepreneurs achieve greater success in the long term.<\/p>\n\n<\/div><\/div>\n\n<div class=\"gb-grid-column gb-grid-column-086a05b1\"><div class=\"gb-container gb-container-086a05b1\">\n\n<h4 class=\"gb-headline gb-headline-86c966f6\"><span class=\"gb-icon\"><svg aria-hidden=\"true\" role=\"img\" height=\"1em\" width=\"1em\" viewbox=\"0 0 512 512\" xmlns=\"http:\/\/www.w3.org\/2000\/svg\"><path fill=\"currentColor\" d=\"M504 256c0 136.967-111.033 248-248 248S8 392.967 8 256 119.033 8 256 8s248 111.033 248 248zM227.314 387.314l184-184c6.248-6.248 6.248-16.379 0-22.627l-22.627-22.627c-6.248-6.249-16.379-6.249-22.628 0L216 308.118l-70.059-70.059c-6.248-6.248-16.379-6.248-22.628 0l-22.627 22.627c-6.248 6.248-6.248 16.379 0 22.627l104 104c6.249 6.249 16.379 6.249 22.628.001z\"><\/path><\/svg><\/span><span class=\"gb-headline-text\">Resource Saving<\/span><\/h4>\n\n\n\n<p>Company liquidation processes often lead to both time and financial losses. As ATS Teknik, we offer a well-established approach to eliminate these challenges encountered during the liquidation process. While handling the buying and selling of companies going to tender, we put an end to the liquidation processes of existing companies and carry out the buying and selling of companies that are operating smoothly.<\/p>\n\n\n\n<p>In this way, entrepreneurs can step into the business world more securely. Additionally, by recommending companies with a reliable history built over many years to entrepreneurs who wish to establish new businesses, we eliminate time loss.<\/p>\n\n<\/div><\/div>\n\n<div class=\"gb-grid-column gb-grid-column-ec4c088d\"><div class=\"gb-container gb-container-ec4c088d\">\n\n<figure class=\"wp-block-image size-full is-resized image-frame-grey img\"><img loading=\"lazy\" decoding=\"async\" width=\"1920\" height=\"2560\" src=\"https:\/\/atsteknik.ahmetbk.com\/wp-content\/uploads\/2024\/11\/pexels-khalid-alsheryani-471603531-29343110-scaled.jpg\" alt=\"\" class=\"wp-image-5686\" style=\"object-fit:cover;width:300px;height:400px\" srcset=\"https:\/\/atsteknik.com\/wp-content\/uploads\/2024\/11\/pexels-khalid-alsheryani-471603531-29343110-scaled.jpg 1920w, https:\/\/atsteknik.com\/wp-content\/uploads\/2024\/11\/pexels-khalid-alsheryani-471603531-29343110-225x300.jpg 225w, https:\/\/atsteknik.com\/wp-content\/uploads\/2024\/11\/pexels-khalid-alsheryani-471603531-29343110-768x1024.jpg 768w, https:\/\/atsteknik.com\/wp-content\/uploads\/2024\/11\/pexels-khalid-alsheryani-471603531-29343110-1152x1536.jpg 1152w, https:\/\/atsteknik.com\/wp-content\/uploads\/2024\/11\/pexels-khalid-alsheryani-471603531-29343110-1536x2048.jpg 1536w, https:\/\/atsteknik.com\/wp-content\/uploads\/2024\/11\/pexels-khalid-alsheryani-471603531-29343110-9x12.jpg 9w\" sizes=\"auto, (max-width: 1920px) 100vw, 1920px\" \/><\/figure>\n\n<\/div><\/div>\n\n<div class=\"gb-grid-column gb-grid-column-55dee92b\"><div class=\"gb-container gb-container-55dee92b\">\n\n<figure class=\"wp-block-image size-full is-resized image-frame-grey img\"><img loading=\"lazy\" decoding=\"async\" width=\"1707\" height=\"2560\" src=\"https:\/\/atsteknik.ahmetbk.com\/wp-content\/uploads\/2024\/11\/pexels-laura-tancredi-7078884-scaled.jpg\" alt=\"\" class=\"wp-image-5687\" style=\"object-fit:cover;width:300px;height:400px\" srcset=\"https:\/\/atsteknik.com\/wp-content\/uploads\/2024\/11\/pexels-laura-tancredi-7078884-scaled.jpg 1707w, https:\/\/atsteknik.com\/wp-content\/uploads\/2024\/11\/pexels-laura-tancredi-7078884-200x300.jpg 200w, https:\/\/atsteknik.com\/wp-content\/uploads\/2024\/11\/pexels-laura-tancredi-7078884-683x1024.jpg 683w, https:\/\/atsteknik.com\/wp-content\/uploads\/2024\/11\/pexels-laura-tancredi-7078884-768x1152.jpg 768w, https:\/\/atsteknik.com\/wp-content\/uploads\/2024\/11\/pexels-laura-tancredi-7078884-1024x1536.jpg 1024w, https:\/\/atsteknik.com\/wp-content\/uploads\/2024\/11\/pexels-laura-tancredi-7078884-1365x2048.jpg 1365w, https:\/\/atsteknik.com\/wp-content\/uploads\/2024\/11\/pexels-laura-tancredi-7078884-8x12.jpg 8w\" sizes=\"auto, (max-width: 1707px) 100vw, 1707px\" \/><\/figure>\n\n<\/div><\/div>\n\n<div class=\"gb-grid-column gb-grid-column-35199b9d\"><div class=\"gb-container gb-container-35199b9d\">\n\n<h4 class=\"gb-headline gb-headline-98a7c02a\"><span class=\"gb-icon\"><svg aria-hidden=\"true\" role=\"img\" height=\"1em\" width=\"1em\" viewbox=\"0 0 512 512\" xmlns=\"http:\/\/www.w3.org\/2000\/svg\"><path fill=\"currentColor\" d=\"M504 256c0 136.967-111.033 248-248 248S8 392.967 8 256 119.033 8 256 8s248 111.033 248 248zM227.314 387.314l184-184c6.248-6.248 6.248-16.379 0-22.627l-22.627-22.627c-6.248-6.249-16.379-6.249-22.628 0L216 308.118l-70.059-70.059c-6.248-6.248-16.379-6.248-22.628 0l-22.627 22.627c-6.248 6.248-6.248 16.379 0 22.627l104 104c6.249 6.249 16.379 6.249 22.628.001z\"><\/path><\/svg><\/span><span class=\"gb-headline-text\">Continuous Support<\/span><\/h4>\n\n\n\n<p>ATS Teknik not only provides consultancy in company buying and selling transactions but also offers continuous support to its clients throughout the entire process. In the buying and selling of companies going to tender, we help our clients make the right decisions at every stage with strategic guidance.<\/p>\n\n\n\n<p>\u0130yi bir strateji ile ilerleyen her ad\u0131m, giri\u015fimcilerin hem zaman hem de finansal a\u00e7\u0131dan daha verimli sonu\u00e7lar elde etmelerini sa\u011flar. ATS Teknik olarak, yaln\u0131zca i\u015flem yapmakla kalmay\u0131p, ba\u015far\u0131l\u0131 bir i\u015f ge\u00e7mi\u015fi olu\u015fturman\u0131za da katk\u0131da bulunuyoruz.<\/p>\n\n<\/div><\/div>\n<\/div>\n<\/div><\/div>\n<\/div>\n\n<div class=\"gb-container gb-container-1c51ecd6\">\n<div class=\"gb-grid-wrapper gb-grid-wrapper-50b779c2\">\n<div class=\"gb-grid-column gb-grid-column-057d9842\"><div class=\"gb-container gb-container-057d9842\">\n\n<h2 class=\"gb-headline gb-headline-acfff22c gb-headline-text\">Frequently Asked <mark style=\"background-color:rgba(0, 0, 0, 0)\" class=\"has-inline-color has-accent-2-color\">Questions<\/mark><\/h2>\n\n<\/div><\/div>\n\n<div class=\"gb-grid-column gb-grid-column-84dc1a0d\"><div class=\"gb-container gb-container-84dc1a0d\">\n<div class=\"gb-container gb-container-13fab6d7 gb-accordion\">\n<div class=\"gb-container gb-container-781a40fc gb-accordion__item\" data-transition=\"slide\">\n\n<button class=\"gb-button gb-button-1f18e632 gb-accordion__toggle\" id=\"gb-accordion-toggle-1f18e632\"><span class=\"gb-button-text\">What consultancy services does ATS Teknik provide?<\/span><span class=\"gb-icon\"><svg xmlns=\"http:\/\/www.w3.org\/2000\/svg\" viewbox=\"0 0 448 512\" width=\"1em\" height=\"1em\" aria-hidden=\"true\" role=\"img\" class=\"gb-accordion__icon\"><path d=\"M207.029 381.476L12.686 187.132c-9.373-9.373-9.373-24.569 0-33.941l22.667-22.667c9.357-9.357 24.522-9.375 33.901-.04L224 284.505l154.745-154.021c9.379-9.335 24.544-9.317 33.901.04l22.667 22.667c9.373 9.373 9.373 24.569 0 33.941L240.971 381.476c-9.373 9.372-24.569 9.372-33.942 0z\" fill=\"currentColor\"><\/path><\/svg><svg xmlns=\"http:\/\/www.w3.org\/2000\/svg\" viewbox=\"0 0 448 512\" width=\"1em\" height=\"1em\" aria-hidden=\"true\" role=\"img\" class=\"gb-accordion__icon-open\"><path d=\"M240.971 130.524l194.343 194.343c9.373 9.373 9.373 24.569 0 33.941l-22.667 22.667c-9.357 9.357-24.522 9.375-33.901.04L224 227.495 69.255 381.516c-9.379 9.335-24.544 9.317-33.901-.04l-22.667-22.667c-9.373-9.373-9.373-24.569 0-33.941L207.03 130.525c9.372-9.373 24.568-9.373 33.941-.001z\" fill=\"currentColor\"><\/path><\/svg><\/span><\/button>\n\n\n<div id=\"gb-accordion-content-b57ece9e\" class=\"gb-accordion__content\"><div class=\"gb-container gb-container-b57ece9e\">\n\n<p>ATS Teknik provides professional consultancy services in company sales and tender processes. Additionally, it offers support in areas such as company valuation in the construction sector, buying and selling processes, and strategic guidance.<\/p>\n\n<\/div><\/div>\n<\/div>\n\n<div class=\"gb-container gb-container-d28afb03 gb-accordion__item\" data-transition=\"slide\">\n\n<button class=\"gb-button gb-button-58006782 gb-accordion__toggle\" id=\"gb-accordion-toggle-58006782\"><span class=\"gb-button-text\">What does your consultancy service process involve?<\/span><span class=\"gb-icon\"><svg xmlns=\"http:\/\/www.w3.org\/2000\/svg\" viewbox=\"0 0 448 512\" width=\"1em\" height=\"1em\" aria-hidden=\"true\" role=\"img\" class=\"gb-accordion__icon\"><path d=\"M207.029 381.476L12.686 187.132c-9.373-9.373-9.373-24.569 0-33.941l22.667-22.667c9.357-9.357 24.522-9.375 33.901-.04L224 284.505l154.745-154.021c9.379-9.335 24.544-9.317 33.901.04l22.667 22.667c9.373 9.373 9.373 24.569 0 33.941L240.971 381.476c-9.373 9.372-24.569 9.372-33.942 0z\" fill=\"currentColor\"><\/path><\/svg><svg xmlns=\"http:\/\/www.w3.org\/2000\/svg\" viewbox=\"0 0 448 512\" width=\"1em\" height=\"1em\" aria-hidden=\"true\" role=\"img\" class=\"gb-accordion__icon-open\"><path d=\"M240.971 130.524l194.343 194.343c9.373 9.373 9.373 24.569 0 33.941l-22.667 22.667c-9.357 9.357-24.522 9.375-33.901.04L224 227.495 69.255 381.516c-9.379 9.335-24.544 9.317-33.901-.04l-22.667-22.667c-9.373-9.373-9.373-24.569 0-33.941L207.03 130.525c9.372-9.373 24.568-9.373 33.941-.001z\" fill=\"currentColor\"><\/path><\/svg><\/span><\/button>\n\n\n<div id=\"gb-accordion-content-6ecf7d13\" class=\"gb-accordion__content\"><div class=\"gb-container gb-container-6ecf7d13\">\n\n<p>ATS Teknik begins the consultancy process by analyzing your current situation. Then, we develop customized strategies based on your needs and provide actionable solutions. We keep you informed and guide you through every stage of the process.<br><br><\/p>\n\n<\/div><\/div>\n<\/div>\n\n<div class=\"gb-container gb-container-c0e87d97 gb-accordion__item\" data-transition=\"slide\">\n\n<button class=\"gb-button gb-button-46881db1 gb-accordion__toggle\" id=\"gb-accordion-toggle-46881db1\"><span class=\"gb-button-text\">What is the cost of the services offered by ATS Teknik?<\/span><span class=\"gb-icon\"><svg xmlns=\"http:\/\/www.w3.org\/2000\/svg\" viewbox=\"0 0 448 512\" width=\"1em\" height=\"1em\" aria-hidden=\"true\" role=\"img\" class=\"gb-accordion__icon\"><path d=\"M207.029 381.476L12.686 187.132c-9.373-9.373-9.373-24.569 0-33.941l22.667-22.667c9.357-9.357 24.522-9.375 33.901-.04L224 284.505l154.745-154.021c9.379-9.335 24.544-9.317 33.901.04l22.667 22.667c9.373 9.373 9.373 24.569 0 33.941L240.971 381.476c-9.373 9.372-24.569 9.372-33.942 0z\" fill=\"currentColor\"><\/path><\/svg><svg xmlns=\"http:\/\/www.w3.org\/2000\/svg\" viewbox=\"0 0 448 512\" width=\"1em\" height=\"1em\" aria-hidden=\"true\" role=\"img\" class=\"gb-accordion__icon-open\"><path d=\"M240.971 130.524l194.343 194.343c9.373 9.373 9.373 24.569 0 33.941l-22.667 22.667c-9.357 9.357-24.522 9.375-33.901.04L224 227.495 69.255 381.516c-9.379 9.335-24.544 9.317-33.901-.04l-22.667-22.667c-9.373-9.373-9.373-24.569 0-33.941L207.03 130.525c9.372-9.373 24.568-9.373 33.941-.001z\" fill=\"currentColor\"><\/path><\/svg><\/span><\/button>\n\n\n<div id=\"gb-accordion-content-2e632eb0\" class=\"gb-accordion__content\"><div class=\"gb-container gb-container-2e632eb0\">\n\n<p>The cost of services may vary depending on the size and complexity of the project. For a clear pricing, you can contact us and receive a customized offer based on your needs.<\/p>\n\n<\/div><\/div>\n<\/div>\n\n<div class=\"gb-container gb-container-a0c6818b gb-accordion__item\" data-transition=\"slide\">\n\n<button class=\"gb-button gb-button-8741537e gb-accordion__toggle\" id=\"gb-accordion-toggle-8741537e\"><span class=\"gb-button-text\">How can I benefit from your consultancy services?<\/span><span class=\"gb-icon\"><svg xmlns=\"http:\/\/www.w3.org\/2000\/svg\" viewbox=\"0 0 448 512\" width=\"1em\" height=\"1em\" aria-hidden=\"true\" role=\"img\" class=\"gb-accordion__icon\"><path d=\"M207.029 381.476L12.686 187.132c-9.373-9.373-9.373-24.569 0-33.941l22.667-22.667c9.357-9.357 24.522-9.375 33.901-.04L224 284.505l154.745-154.021c9.379-9.335 24.544-9.317 33.901.04l22.667 22.667c9.373 9.373 9.373 24.569 0 33.941L240.971 381.476c-9.373 9.372-24.569 9.372-33.942 0z\" fill=\"currentColor\"><\/path><\/svg><svg xmlns=\"http:\/\/www.w3.org\/2000\/svg\" viewbox=\"0 0 448 512\" width=\"1em\" height=\"1em\" aria-hidden=\"true\" role=\"img\" class=\"gb-accordion__icon-open\"><path d=\"M240.971 130.524l194.343 194.343c9.373 9.373 9.373 24.569 0 33.941l-22.667 22.667c-9.357 9.357-24.522 9.375-33.901.04L224 227.495 69.255 381.516c-9.379 9.335-24.544 9.317-33.901-.04l-22.667-22.667c-9.373-9.373-9.373-24.569 0-33.941L207.03 130.525c9.372-9.373 24.568-9.373 33.941-.001z\" fill=\"currentColor\"><\/path><\/svg><\/span><\/button>\n\n\n<div id=\"gb-accordion-content-e236f2a7\" class=\"gb-accordion__content\"><div class=\"gb-container gb-container-e236f2a7\">\n\n<p>You can take advantage of our consultancy services by contacting us directly through our website or by phone. The first consultation is free, and a detailed analysis will be conducted to offer you the best solution.<\/p>\n\n<\/div><\/div>\n<\/div>\n<\/div>\n<\/div><\/div>\n<\/div>\n<\/div>\n\n\n<p><\/p>","protected":false},"excerpt":{"rendered":"<p>Bizimle Gelece\u011fe Y\u00f6n Verin, \u0130leriye Ad\u0131m At\u0131n ATS Teknik, 2023 y\u0131l\u0131nda kuruldu\u011fundan bu yana i\u015f d\u00fcnyas\u0131nda g\u00fcvenilir dan\u0131\u015fmanl\u0131k \u00e7\u00f6z\u00fcmleri sunmaktad\u0131r. M\u00fc\u015fterilerimize sundu\u011fumuz hizmetler, sekt\u00f6r ihtiya\u00e7lar\u0131na g\u00f6re \u015fekillenen \u00f6zelle\u015ftirilmi\u015f stratejilerle desteklenmektedir. Amac\u0131m\u0131z, her m\u00fc\u015fteri i\u00e7in en verimli ve uzun vadeli \u00e7\u00f6z\u00fcmleri sa\u011flayarak ba\u015far\u0131l\u0131 bir i\u015fbirli\u011fi olu\u015fturmakt\u0131r. \u0130halelere Uygun \u0130\u015f Bitirmeli \u015eirketler M\u00fcteahhit Yetki Belgeli \u015eirketler Belge, &#8230; <a title=\"About\" class=\"read-more\" href=\"https:\/\/atsteknik.com\/en\/hakkimizda\/\" aria-label=\"Read more about Hakk\u0131m\u0131zda\">Read more<\/a><\/p>","protected":false},"author":1,"featured_media":0,"parent":0,"menu_order":0,"comment_status":"closed","ping_status":"closed","template":"","meta":{"footnotes":""},"class_list":{"0":"post-4047","1":"page","2":"type-page","3":"status-publish","5":"no-featured-image-padding"},"_links":{"self":[{"href":"https:\/\/atsteknik.com\/en\/wp-json\/wp\/v2\/pages\/4047","targetHints":{"allow":["GET"]}}],"collection":[{"href":"https:\/\/atsteknik.com\/en\/wp-json\/wp\/v2\/pages"}],"about":[{"href":"https:\/\/atsteknik.com\/en\/wp-json\/wp\/v2\/types\/page"}],"author":[{"embeddable":true,"href":"https:\/\/atsteknik.com\/en\/wp-json\/wp\/v2\/users\/1"}],"replies":[{"embeddable":true,"href":"https:\/\/atsteknik.com\/en\/wp-json\/wp\/v2\/comments?post=4047"}],"version-history":[{"count":8,"href":"https:\/\/atsteknik.com\/en\/wp-json\/wp\/v2\/pages\/4047\/revisions"}],"predecessor-version":[{"id":5754,"href":"https:\/\/atsteknik.com\/en\/wp-json\/wp\/v2\/pages\/4047\/revisions\/5754"}],"wp:attachment":[{"href":"https:\/\/atsteknik.com\/en\/wp-json\/wp\/v2\/media?parent=4047"}],"curies":[{"name":"wp","href":"https:\/\/api.w.org\/{rel}","templated":true}]}}